{"id":362,"date":"2025-09-18T11:54:30","date_gmt":"2025-09-18T09:54:30","guid":{"rendered":"https:\/\/dev.lgk.berta-bewegt.ch\/datenschutz\/"},"modified":"2025-10-17T10:32:08","modified_gmt":"2025-10-17T08:32:08","slug":"datenschutz","status":"publish","type":"page","link":"https:\/\/lgk-cgc.ch\/fr\/datenschutz\/","title":{"rendered":"Mentions l\u00e9gales"},"content":{"rendered":"\n<h2 class=\"wp-block-heading\"><\/h2>\n\n\n\n<p><strong>Copyright<\/strong><\/p>\n\n\n\n<p>Les droits d\u2019auteur et autres droits sur ce site web appartiennent au Secr\u00e9tariat g\u00e9n\u00e9ral de la CDIP. Le t\u00e9l\u00e9chargement d\u2019\u00e9l\u00e9ments qu\u2019il contient (textes, images, fichiers) ne conf\u00e8re aucun droit. Il est autoris\u00e9 de citer des documents et des pages publi\u00e9s sur ce site en en indiquant la source exacte. R\u00e9utiliser des fichiers et des textes dans leur int\u00e9gralit\u00e9 est en revanche soumis \u00e0 l\u2019autorisation pr\u00e9alable du Secr\u00e9tariat g\u00e9n\u00e9ral de la CDIP.<\/p>\n\n\n\n<p><strong>Protection des donn\u00e9es<\/strong><\/p>\n\n\n\n<p>Aucunes donn\u00e9es \u00e0 caract\u00e8re personnel ne sont\u00a0enregistr\u00e9es lors de l\u2019acc\u00e8s \u00e0 ce site web. Le serveur web n\u2019enregistre que des donn\u00e9es d\u2019utilisation \u00e0 caract\u00e8re non personnel. <\/p>\n\n\n\n<p>Les donn\u00e9es personnelles renseign\u00e9es volontairement (courriel, formulaire de contact, abonnement) ne sont utilis\u00e9es que dans le but associ\u00e9 (abonnement) ou \u00e0 des fins de renseignement. Elles ne sont ni transmises \u00e0 des tiers ni utilis\u00e9es d\u2019une autre mani\u00e8re.<\/p>\n\n\n\n<p>\u00c0 l\u2019instar de nombreux autres sites web, ce site utilise des fichiers appel\u00e9s \u00abcookies\u00bb. Ces petits fichiers texte sont transf\u00e9r\u00e9s sur votre ordinateur \u00e0 partir du serveur du site web. Les informations contenues dans les cookies permettent d\u2019optimiser votre navigation et garantissent que notre site web s\u2019affiche correctement. Vous pouvez \u00e0 tout moment d\u00e9sactiver l\u2019utilisation des cookies en acc\u00e9dant aux param\u00e8tres de votre navigateur. Il se peut toutefois que certaines fonctionnalit\u00e9s de notre site web ne soient pas disponibles si l\u2019utilisation des cookies est d\u00e9sactiv\u00e9e.<\/p>\n\n\n\n<p><strong><strong>Clause de non-responsabilit\u00e9<\/strong><\/strong><\/p>\n\n\n\n<p>Le contenu de ce site web est actualis\u00e9 et v\u00e9rifi\u00e9 en permanence. Le Secr\u00e9tariat g\u00e9n\u00e9ral de la CDIP n\u2019est toutefois pas en mesure de garantir la pr\u00e9cision, l\u2019int\u00e9gralit\u00e9 et l\u2019actualit\u00e9 des informations fournies. Il ne saurait \u00eatre tenu pour responsable de dommages r\u00e9sultant de l\u2019utilisation du contenu de ce site. Le contenu des sites web auxquels il est fait renvoi par des liens est de la responsabilit\u00e9 de leurs op\u00e9rateurs.<\/p>\n","protected":false},"excerpt":{"rendered":"<p>Copyright Les droits d\u2019auteur et autres droits sur ce site web appartiennent au Secr\u00e9tariat g\u00e9n\u00e9ral de la CDIP. Le t\u00e9l\u00e9chargement d\u2019\u00e9l\u00e9ments qu\u2019il contient (textes, images, fichiers) ne conf\u00e8re aucun droit. Il est autoris\u00e9 de citer des documents et des pages publi\u00e9s sur ce site en en indiquant la source exacte. R\u00e9utiliser des fichiers et des [&hellip;]<\/p>\n","protected":false},"author":1,"featured_media":0,"parent":0,"menu_order":0,"comment_status":"closed","ping_status":"closed","template":"","meta":{"_acf_changed":false,"inline_featured_image":false,"footnotes":""},"class_list":["post-362","page","type-page","status-publish","hentry"],"acf":[],"yoast_head":"<!-- This site is optimized with the Yoast SEO plugin v26.4 - https:\/\/yoast.com\/wordpress\/plugins\/seo\/ -->\n<title>Mentions l\u00e9gales - LGK<\/title>\n<meta name=\"robots\" content=\"index, follow, max-snippet:-1, max-image-preview:large, max-video-preview:-1\" \/>\n<link rel=\"canonical\" href=\"https:\/\/lgk-cgc.ch\/fr\/datenschutz\/\" \/>\n<meta property=\"og:locale\" content=\"fr_FR\" \/>\n<meta property=\"og:type\" content=\"article\" \/>\n<meta property=\"og:title\" content=\"Mentions l\u00e9gales - LGK\" \/>\n<meta property=\"og:description\" content=\"Copyright Les droits d\u2019auteur et autres droits sur ce site web appartiennent au Secr\u00e9tariat g\u00e9n\u00e9ral de la CDIP. Le t\u00e9l\u00e9chargement d\u2019\u00e9l\u00e9ments qu\u2019il contient (textes, images, fichiers) ne conf\u00e8re aucun droit. Il est autoris\u00e9 de citer des documents et des pages publi\u00e9s sur ce site en en indiquant la source exacte. R\u00e9utiliser des fichiers et des [&hellip;]\" \/>\n<meta property=\"og:url\" content=\"https:\/\/lgk-cgc.ch\/fr\/datenschutz\/\" \/>\n<meta property=\"og:site_name\" content=\"LGK\" \/>\n<meta property=\"article:modified_time\" content=\"2025-10-17T08:32:08+00:00\" \/>\n<meta name=\"twitter:card\" content=\"summary_large_image\" \/>\n<meta name=\"twitter:label1\" content=\"Dur\u00e9e de lecture estim\u00e9e\" \/>\n\t<meta name=\"twitter:data1\" content=\"2 minutes\" \/>\n<script type=\"application\/ld+json\" class=\"yoast-schema-graph\">{\"@context\":\"https:\/\/schema.org\",\"@graph\":[{\"@type\":\"WebPage\",\"@id\":\"https:\/\/lgk-cgc.ch\/fr\/datenschutz\/\",\"url\":\"https:\/\/lgk-cgc.ch\/fr\/datenschutz\/\",\"name\":\"Mentions l\u00e9gales - LGK\",\"isPartOf\":{\"@id\":\"https:\/\/lgk-cgc.ch\/#website\"},\"datePublished\":\"2025-09-18T09:54:30+00:00\",\"dateModified\":\"2025-10-17T08:32:08+00:00\",\"breadcrumb\":{\"@id\":\"https:\/\/lgk-cgc.ch\/fr\/datenschutz\/#breadcrumb\"},\"inLanguage\":\"fr-FR\",\"potentialAction\":[{\"@type\":\"ReadAction\",\"target\":[\"https:\/\/lgk-cgc.ch\/fr\/datenschutz\/\"]}]},{\"@type\":\"BreadcrumbList\",\"@id\":\"https:\/\/lgk-cgc.ch\/fr\/datenschutz\/#breadcrumb\",\"itemListElement\":[{\"@type\":\"ListItem\",\"position\":1,\"name\":\"Home\",\"item\":\"https:\/\/lgk-cgc.ch\/fr\/\"},{\"@type\":\"ListItem\",\"position\":2,\"name\":\"Mentions l\u00e9gales\"}]},{\"@type\":\"WebSite\",\"@id\":\"https:\/\/lgk-cgc.ch\/#website\",\"url\":\"https:\/\/lgk-cgc.ch\/\",\"name\":\"LGK\",\"description\":\"\",\"potentialAction\":[{\"@type\":\"SearchAction\",\"target\":{\"@type\":\"EntryPoint\",\"urlTemplate\":\"https:\/\/lgk-cgc.ch\/?s={search_term_string}\"},\"query-input\":{\"@type\":\"PropertyValueSpecification\",\"valueRequired\":true,\"valueName\":\"search_term_string\"}}],\"inLanguage\":\"fr-FR\"}]}<\/script>\n<!-- \/ Yoast SEO plugin. -->","yoast_head_json":{"title":"Mentions l\u00e9gales - LGK","robots":{"index":"index","follow":"follow","max-snippet":"max-snippet:-1","max-image-preview":"max-image-preview:large","max-video-preview":"max-video-preview:-1"},"canonical":"https:\/\/lgk-cgc.ch\/fr\/datenschutz\/","og_locale":"fr_FR","og_type":"article","og_title":"Mentions l\u00e9gales - LGK","og_description":"Copyright Les droits d\u2019auteur et autres droits sur ce site web appartiennent au Secr\u00e9tariat g\u00e9n\u00e9ral de la CDIP. Le t\u00e9l\u00e9chargement d\u2019\u00e9l\u00e9ments qu\u2019il contient (textes, images, fichiers) ne conf\u00e8re aucun droit. Il est autoris\u00e9 de citer des documents et des pages publi\u00e9s sur ce site en en indiquant la source exacte. R\u00e9utiliser des fichiers et des [&hellip;]","og_url":"https:\/\/lgk-cgc.ch\/fr\/datenschutz\/","og_site_name":"LGK","article_modified_time":"2025-10-17T08:32:08+00:00","twitter_card":"summary_large_image","twitter_misc":{"Dur\u00e9e de lecture estim\u00e9e":"2 minutes"},"schema":{"@context":"https:\/\/schema.org","@graph":[{"@type":"WebPage","@id":"https:\/\/lgk-cgc.ch\/fr\/datenschutz\/","url":"https:\/\/lgk-cgc.ch\/fr\/datenschutz\/","name":"Mentions l\u00e9gales - LGK","isPartOf":{"@id":"https:\/\/lgk-cgc.ch\/#website"},"datePublished":"2025-09-18T09:54:30+00:00","dateModified":"2025-10-17T08:32:08+00:00","breadcrumb":{"@id":"https:\/\/lgk-cgc.ch\/fr\/datenschutz\/#breadcrumb"},"inLanguage":"fr-FR","potentialAction":[{"@type":"ReadAction","target":["https:\/\/lgk-cgc.ch\/fr\/datenschutz\/"]}]},{"@type":"BreadcrumbList","@id":"https:\/\/lgk-cgc.ch\/fr\/datenschutz\/#breadcrumb","itemListElement":[{"@type":"ListItem","position":1,"name":"Home","item":"https:\/\/lgk-cgc.ch\/fr\/"},{"@type":"ListItem","position":2,"name":"Mentions l\u00e9gales"}]},{"@type":"WebSite","@id":"https:\/\/lgk-cgc.ch\/#website","url":"https:\/\/lgk-cgc.ch\/","name":"LGK","description":"","potentialAction":[{"@type":"SearchAction","target":{"@type":"EntryPoint","urlTemplate":"https:\/\/lgk-cgc.ch\/?s={search_term_string}"},"query-input":{"@type":"PropertyValueSpecification","valueRequired":true,"valueName":"search_term_string"}}],"inLanguage":"fr-FR"}]}},"_links":{"self":[{"href":"https:\/\/lgk-cgc.ch\/fr\/wp-json\/wp\/v2\/pages\/362","targetHints":{"allow":["GET"]}}],"collection":[{"href":"https:\/\/lgk-cgc.ch\/fr\/wp-json\/wp\/v2\/pages"}],"about":[{"href":"https:\/\/lgk-cgc.ch\/fr\/wp-json\/wp\/v2\/types\/page"}],"author":[{"embeddable":true,"href":"https:\/\/lgk-cgc.ch\/fr\/wp-json\/wp\/v2\/users\/1"}],"replies":[{"embeddable":true,"href":"https:\/\/lgk-cgc.ch\/fr\/wp-json\/wp\/v2\/comments?post=362"}],"version-history":[{"count":2,"href":"https:\/\/lgk-cgc.ch\/fr\/wp-json\/wp\/v2\/pages\/362\/revisions"}],"predecessor-version":[{"id":376,"href":"https:\/\/lgk-cgc.ch\/fr\/wp-json\/wp\/v2\/pages\/362\/revisions\/376"}],"wp:attachment":[{"href":"https:\/\/lgk-cgc.ch\/fr\/wp-json\/wp\/v2\/media?parent=362"}],"curies":[{"name":"wp","href":"https:\/\/api.w.org\/{rel}","templated":true}]}}