{"id":363,"date":"2024-06-25T17:59:54","date_gmt":"2024-06-25T15:59:54","guid":{"rendered":"https:\/\/dev.lgk.berta-bewegt.ch\/impressum\/"},"modified":"2025-10-20T11:57:35","modified_gmt":"2025-10-20T09:57:35","slug":"impressum","status":"publish","type":"page","link":"https:\/\/lgk-cgc.ch\/fr\/impressum\/","title":{"rendered":"Impressum"},"content":{"rendered":"\n<h2 class=\"wp-block-heading\"><\/h2>\n\n\n\n<p><strong>Copyright<\/strong><br>Conf\u00e9rence des directrices et directeurs cantonaux de l\u2019instruction publique (CDIP)<\/p>\n\n\n\n<p><strong>\u00c9dition et r\u00e9daction<\/strong><br>Secr\u00e9tariat g\u00e9n\u00e9ral de la CDIP \/ Conf\u00e9rence suisse pour l&rsquo;orientation professionnelle, universitaire et de carri\u00e8re CS OPUC<\/p>\n\n\n\n<p><strong>D\u00e9veloppement de la marque., Webdesign &amp; r\u00e9alisation technique<\/strong><br>Berta Kommunikationsplan AG, Zurich<\/p>\n","protected":false},"excerpt":{"rendered":"<p>CopyrightConf\u00e9rence des directrices et directeurs cantonaux de l\u2019instruction publique (CDIP) \u00c9dition et r\u00e9dactionSecr\u00e9tariat g\u00e9n\u00e9ral de la CDIP \/ Conf\u00e9rence suisse pour l&rsquo;orientation professionnelle, universitaire et de carri\u00e8re CS OPUC D\u00e9veloppement de la marque., Webdesign &amp; r\u00e9alisation techniqueBerta Kommunikationsplan AG, Zurich<\/p>\n","protected":false},"author":1,"featured_media":0,"parent":0,"menu_order":0,"comment_status":"closed","ping_status":"closed","template":"","meta":{"_acf_changed":false,"inline_featured_image":false,"footnotes":""},"class_list":["post-363","page","type-page","status-publish","hentry"],"acf":[],"yoast_head":"<!-- This site is optimized with the Yoast SEO plugin v26.4 - https:\/\/yoast.com\/wordpress\/plugins\/seo\/ -->\n<title>Impressum - LGK<\/title>\n<meta name=\"robots\" content=\"index, follow, max-snippet:-1, max-image-preview:large, max-video-preview:-1\" \/>\n<link rel=\"canonical\" href=\"https:\/\/lgk-cgc.ch\/fr\/impressum\/\" \/>\n<meta property=\"og:locale\" content=\"fr_FR\" \/>\n<meta property=\"og:type\" content=\"article\" \/>\n<meta property=\"og:title\" content=\"Impressum - LGK\" \/>\n<meta property=\"og:description\" content=\"CopyrightConf\u00e9rence des directrices et directeurs cantonaux de l\u2019instruction publique (CDIP) \u00c9dition et r\u00e9dactionSecr\u00e9tariat g\u00e9n\u00e9ral de la CDIP \/ Conf\u00e9rence suisse pour l&rsquo;orientation professionnelle, universitaire et de carri\u00e8re CS OPUC D\u00e9veloppement de la marque., Webdesign &amp; r\u00e9alisation techniqueBerta Kommunikationsplan AG, Zurich\" \/>\n<meta property=\"og:url\" content=\"https:\/\/lgk-cgc.ch\/fr\/impressum\/\" \/>\n<meta property=\"og:site_name\" content=\"LGK\" \/>\n<meta property=\"article:modified_time\" content=\"2025-10-20T09:57:35+00:00\" \/>\n<meta name=\"twitter:card\" content=\"summary_large_image\" \/>\n<meta name=\"twitter:label1\" content=\"Dur\u00e9e de lecture estim\u00e9e\" \/>\n\t<meta name=\"twitter:data1\" content=\"1 minute\" \/>\n<script type=\"application\/ld+json\" class=\"yoast-schema-graph\">{\"@context\":\"https:\/\/schema.org\",\"@graph\":[{\"@type\":\"WebPage\",\"@id\":\"https:\/\/lgk-cgc.ch\/fr\/impressum\/\",\"url\":\"https:\/\/lgk-cgc.ch\/fr\/impressum\/\",\"name\":\"Impressum - LGK\",\"isPartOf\":{\"@id\":\"https:\/\/lgk-cgc.ch\/#website\"},\"datePublished\":\"2024-06-25T15:59:54+00:00\",\"dateModified\":\"2025-10-20T09:57:35+00:00\",\"breadcrumb\":{\"@id\":\"https:\/\/lgk-cgc.ch\/fr\/impressum\/#breadcrumb\"},\"inLanguage\":\"fr-FR\",\"potentialAction\":[{\"@type\":\"ReadAction\",\"target\":[\"https:\/\/lgk-cgc.ch\/fr\/impressum\/\"]}]},{\"@type\":\"BreadcrumbList\",\"@id\":\"https:\/\/lgk-cgc.ch\/fr\/impressum\/#breadcrumb\",\"itemListElement\":[{\"@type\":\"ListItem\",\"position\":1,\"name\":\"Home\",\"item\":\"https:\/\/lgk-cgc.ch\/fr\/\"},{\"@type\":\"ListItem\",\"position\":2,\"name\":\"Impressum\"}]},{\"@type\":\"WebSite\",\"@id\":\"https:\/\/lgk-cgc.ch\/#website\",\"url\":\"https:\/\/lgk-cgc.ch\/\",\"name\":\"LGK\",\"description\":\"\",\"potentialAction\":[{\"@type\":\"SearchAction\",\"target\":{\"@type\":\"EntryPoint\",\"urlTemplate\":\"https:\/\/lgk-cgc.ch\/?s={search_term_string}\"},\"query-input\":{\"@type\":\"PropertyValueSpecification\",\"valueRequired\":true,\"valueName\":\"search_term_string\"}}],\"inLanguage\":\"fr-FR\"}]}<\/script>\n<!-- \/ Yoast SEO plugin. -->","yoast_head_json":{"title":"Impressum - LGK","robots":{"index":"index","follow":"follow","max-snippet":"max-snippet:-1","max-image-preview":"max-image-preview:large","max-video-preview":"max-video-preview:-1"},"canonical":"https:\/\/lgk-cgc.ch\/fr\/impressum\/","og_locale":"fr_FR","og_type":"article","og_title":"Impressum - LGK","og_description":"CopyrightConf\u00e9rence des directrices et directeurs cantonaux de l\u2019instruction publique (CDIP) \u00c9dition et r\u00e9dactionSecr\u00e9tariat g\u00e9n\u00e9ral de la CDIP \/ Conf\u00e9rence suisse pour l&rsquo;orientation professionnelle, universitaire et de carri\u00e8re CS OPUC D\u00e9veloppement de la marque., Webdesign &amp; r\u00e9alisation techniqueBerta Kommunikationsplan AG, Zurich","og_url":"https:\/\/lgk-cgc.ch\/fr\/impressum\/","og_site_name":"LGK","article_modified_time":"2025-10-20T09:57:35+00:00","twitter_card":"summary_large_image","twitter_misc":{"Dur\u00e9e de lecture estim\u00e9e":"1 minute"},"schema":{"@context":"https:\/\/schema.org","@graph":[{"@type":"WebPage","@id":"https:\/\/lgk-cgc.ch\/fr\/impressum\/","url":"https:\/\/lgk-cgc.ch\/fr\/impressum\/","name":"Impressum - LGK","isPartOf":{"@id":"https:\/\/lgk-cgc.ch\/#website"},"datePublished":"2024-06-25T15:59:54+00:00","dateModified":"2025-10-20T09:57:35+00:00","breadcrumb":{"@id":"https:\/\/lgk-cgc.ch\/fr\/impressum\/#breadcrumb"},"inLanguage":"fr-FR","potentialAction":[{"@type":"ReadAction","target":["https:\/\/lgk-cgc.ch\/fr\/impressum\/"]}]},{"@type":"BreadcrumbList","@id":"https:\/\/lgk-cgc.ch\/fr\/impressum\/#breadcrumb","itemListElement":[{"@type":"ListItem","position":1,"name":"Home","item":"https:\/\/lgk-cgc.ch\/fr\/"},{"@type":"ListItem","position":2,"name":"Impressum"}]},{"@type":"WebSite","@id":"https:\/\/lgk-cgc.ch\/#website","url":"https:\/\/lgk-cgc.ch\/","name":"LGK","description":"","potentialAction":[{"@type":"SearchAction","target":{"@type":"EntryPoint","urlTemplate":"https:\/\/lgk-cgc.ch\/?s={search_term_string}"},"query-input":{"@type":"PropertyValueSpecification","valueRequired":true,"valueName":"search_term_string"}}],"inLanguage":"fr-FR"}]}},"_links":{"self":[{"href":"https:\/\/lgk-cgc.ch\/fr\/wp-json\/wp\/v2\/pages\/363","targetHints":{"allow":["GET"]}}],"collection":[{"href":"https:\/\/lgk-cgc.ch\/fr\/wp-json\/wp\/v2\/pages"}],"about":[{"href":"https:\/\/lgk-cgc.ch\/fr\/wp-json\/wp\/v2\/types\/page"}],"author":[{"embeddable":true,"href":"https:\/\/lgk-cgc.ch\/fr\/wp-json\/wp\/v2\/users\/1"}],"replies":[{"embeddable":true,"href":"https:\/\/lgk-cgc.ch\/fr\/wp-json\/wp\/v2\/comments?post=363"}],"version-history":[{"count":2,"href":"https:\/\/lgk-cgc.ch\/fr\/wp-json\/wp\/v2\/pages\/363\/revisions"}],"predecessor-version":[{"id":378,"href":"https:\/\/lgk-cgc.ch\/fr\/wp-json\/wp\/v2\/pages\/363\/revisions\/378"}],"wp:attachment":[{"href":"https:\/\/lgk-cgc.ch\/fr\/wp-json\/wp\/v2\/media?parent=363"}],"curies":[{"name":"wp","href":"https:\/\/api.w.org\/{rel}","templated":true}]}}